{"id":60,"date":"2026-03-24T11:52:20","date_gmt":"2026-03-24T10:52:20","guid":{"rendered":"https:\/\/kalliope.antipode.net\/?page_id=60"},"modified":"2026-04-24T15:32:35","modified_gmt":"2026-04-24T14:32:35","slug":"team-building","status":"publish","type":"page","link":"https:\/\/kalliope.antipode.net\/?page_id=60","title":{"rendered":"Team Building"},"content":{"rendered":"\n<p>Vous cherchez \u00e0 renforcer la coh\u00e9sion de vos collaborateurs, c\u00e9l\u00e9brer une r\u00e9ussite ou simplement partager un moment hors du cadre habituel ? Nos team building sont con\u00e7us pour s\u2019adapter \u00e0 <strong>tous les profils et toutes les cultures d&rsquo;entreprise.<\/strong><br><br>Nos \u00e9v\u00e9nements s&rsquo;adaptent \u00e0 <strong>tous vos besoins<\/strong>, du petit groupe de 8 personnes jusqu&rsquo;aux rassemblements d&rsquo;une centaine de participants. <\/p>\n\n\n\n<div class=\"wp-block-group is-horizontal is-content-justification-center is-nowrap is-layout-flex wp-container-core-group-is-layout-2256e7f1 wp-block-group-is-layout-flex\">\n<div class=\"wp-block-columns is-layout-flex wp-container-core-columns-is-layout-28f84493 wp-block-columns-is-layout-flex\">\n<div class=\"wp-block-column is-layout-flow wp-block-column-is-layout-flow\">\n<div class=\"wp-block-cover is-light has-custom-content-position is-position-bottom-center has-border-color has-palette-color-2-border-color has-aspect-ratio\" style=\"border-width:1px;border-top-left-radius:67px;border-top-right-radius:67px;border-bottom-left-radius:67px;border-bottom-right-radius:67px;aspect-ratio:1;min-height:unset;\"><img loading=\"lazy\" decoding=\"async\" width=\"500\" height=\"500\" class=\"wp-block-cover__image-background wp-image-249 size-full\" alt=\"\" src=\"https:\/\/kalliope.antipode.net\/wp-content\/uploads\/2026\/03\/1-3.png\" data-object-fit=\"cover\" srcset=\"https:\/\/kalliope.antipode.net\/wp-content\/uploads\/2026\/03\/1-3.png 500w, https:\/\/kalliope.antipode.net\/wp-content\/uploads\/2026\/03\/1-3-300x300.png 300w, https:\/\/kalliope.antipode.net\/wp-content\/uploads\/2026\/03\/1-3-150x150.png 150w\" sizes=\"auto, (max-width: 500px) 100vw, 500px\" \/><span aria-hidden=\"true\" class=\"wp-block-cover__background has-palette-color-5-background-color has-background-dim-0 has-background-dim\"><\/span><div class=\"wp-block-cover__inner-container is-layout-constrained wp-container-core-cover-is-layout-19e250f3 wp-block-cover-is-layout-constrained\">\n<p class=\"has-text-align-center has-palette-color-1-color has-text-color has-link-color has-large-font-size wp-elements-afe0e19212d85f396dc9648d2abdedae\"><strong><a href=\"https:\/\/kalliope.antipode.net\/?page_id=261\" data-type=\"link\" data-id=\"https:\/\/kalliope.antipode.net\/?page_id=261\">Totem<\/a><\/strong><\/p>\n\n\n\n<p class=\"has-text-align-center has-text-color has-link-color has-small-font-size wp-elements-29033eeb21700862e731b5fe9d6cf14a\" style=\"color:#0b2f90\">#coh\u00e9sion d&rsquo;\u00e9quipe #coordination #leading #gestion du stress #r\u00e9flexion de groupe #solidarit\u00e9<\/p>\n<\/div><\/div>\n<\/div>\n\n\n\n<div class=\"wp-block-column is-layout-flow wp-block-column-is-layout-flow\">\n<div class=\"wp-block-cover is-light has-custom-content-position is-position-bottom-center has-border-color has-palette-color-2-border-color has-aspect-ratio\" style=\"border-width:1px;border-top-left-radius:67px;border-top-right-radius:67px;border-bottom-left-radius:67px;border-bottom-right-radius:67px;aspect-ratio:1;min-height:unset;\"><img loading=\"lazy\" decoding=\"async\" width=\"500\" height=\"500\" class=\"wp-block-cover__image-background wp-image-250 size-full\" alt=\"\" src=\"https:\/\/kalliope.antipode.net\/wp-content\/uploads\/2026\/03\/2-2.png\" data-object-fit=\"cover\" srcset=\"https:\/\/kalliope.antipode.net\/wp-content\/uploads\/2026\/03\/2-2.png 500w, https:\/\/kalliope.antipode.net\/wp-content\/uploads\/2026\/03\/2-2-300x300.png 300w, https:\/\/kalliope.antipode.net\/wp-content\/uploads\/2026\/03\/2-2-150x150.png 150w\" sizes=\"auto, (max-width: 500px) 100vw, 500px\" \/><span aria-hidden=\"true\" class=\"wp-block-cover__background has-background-dim-0 has-background-dim\" style=\"background-color:#d1cbb5\"><\/span><div class=\"wp-block-cover__inner-container is-layout-constrained wp-container-core-cover-is-layout-19e250f3 wp-block-cover-is-layout-constrained\">\n<p class=\"has-text-align-center has-palette-color-1-color has-text-color has-link-color has-large-font-size wp-elements-ceb5591e50f630be1ed1b254c586dfa1\"><strong><a href=\"https:\/\/kalliope.antipode.net\/?page_id=266\" data-type=\"page\" data-id=\"266\">Fort Kalliop\u00e9<\/a><\/strong><\/p>\n\n\n\n<p class=\"has-text-align-center has-text-color has-link-color has-small-font-size wp-elements-6ff454d7029fc3c84e5d03cb34a2b054\" style=\"color:#082e96\">#sport #coh\u00e9sion d&rsquo;\u00e9quipe #coordination #leading #gestion du stress #solidarit\u00e9 #\u00e9nigmes<\/p>\n<\/div><\/div>\n<\/div>\n\n\n\n<div class=\"wp-block-column is-layout-flow wp-block-column-is-layout-flow\">\n<div class=\"wp-block-cover is-light has-custom-content-position is-position-bottom-center has-border-color has-palette-color-2-border-color has-aspect-ratio\" style=\"border-width:1px;border-top-left-radius:67px;border-top-right-radius:67px;border-bottom-left-radius:67px;border-bottom-right-radius:67px;aspect-ratio:1;min-height:unset;\"><img loading=\"lazy\" decoding=\"async\" width=\"500\" height=\"500\" class=\"wp-block-cover__image-background wp-image-246\" alt=\"\" src=\"https:\/\/kalliope.antipode.net\/wp-content\/uploads\/2026\/03\/3.png\" data-object-fit=\"cover\" srcset=\"https:\/\/kalliope.antipode.net\/wp-content\/uploads\/2026\/03\/3.png 500w, https:\/\/kalliope.antipode.net\/wp-content\/uploads\/2026\/03\/3-300x300.png 300w, https:\/\/kalliope.antipode.net\/wp-content\/uploads\/2026\/03\/3-150x150.png 150w\" sizes=\"auto, (max-width: 500px) 100vw, 500px\" \/><span aria-hidden=\"true\" class=\"wp-block-cover__background has-background-dim-0 has-background-dim\"><\/span><div class=\"wp-block-cover__inner-container is-layout-constrained wp-container-core-cover-is-layout-19e250f3 wp-block-cover-is-layout-constrained\">\n<p class=\"has-text-align-center has-palette-color-1-color has-text-color has-link-color has-large-font-size wp-elements-4c5a9ad20472ab5498a7f46d6f5c8fc9\" style=\"border-top-left-radius:0px;border-top-right-radius:0px;border-bottom-left-radius:0px;border-bottom-right-radius:0px\"><strong><a href=\"https:\/\/kalliope.antipode.net\/?page_id=268\" data-type=\"page\" data-id=\"268\">Tofs Zwanzeurs<\/a><\/strong><\/p>\n\n\n\n<p class=\"has-text-align-center has-text-color has-link-color has-small-font-size wp-elements-d154561e482b6e45e2cd129b0e162c60\" style=\"color:#072576\">#outdoor #d\u00e9gustation #enqu\u00eate #leading #d\u00e9couverte #folklore #coh\u00e9sion d&rsquo;\u00e9quipe<\/p>\n<\/div><\/div>\n<\/div>\n\n\n\n<div class=\"wp-block-column is-layout-flow wp-block-column-is-layout-flow\">\n<div class=\"wp-block-cover is-light has-custom-content-position is-position-bottom-center has-border-color has-palette-color-2-border-color has-aspect-ratio\" style=\"border-width:1px;border-top-left-radius:67px;border-top-right-radius:67px;border-bottom-left-radius:67px;border-bottom-right-radius:67px;aspect-ratio:1;min-height:unset;\"><img loading=\"lazy\" decoding=\"async\" width=\"500\" height=\"500\" class=\"wp-block-cover__image-background wp-image-251 size-full\" alt=\"\" src=\"https:\/\/kalliope.antipode.net\/wp-content\/uploads\/2026\/03\/4.png\" data-object-fit=\"cover\" srcset=\"https:\/\/kalliope.antipode.net\/wp-content\/uploads\/2026\/03\/4.png 500w, https:\/\/kalliope.antipode.net\/wp-content\/uploads\/2026\/03\/4-300x300.png 300w, https:\/\/kalliope.antipode.net\/wp-content\/uploads\/2026\/03\/4-150x150.png 150w\" sizes=\"auto, (max-width: 500px) 100vw, 500px\" \/><span aria-hidden=\"true\" class=\"wp-block-cover__background has-background-dim-0 has-background-dim\" style=\"background-color:#e2d6ca\"><\/span><div class=\"wp-block-cover__inner-container is-layout-constrained wp-container-core-cover-is-layout-19e250f3 wp-block-cover-is-layout-constrained\">\n<p class=\"has-text-align-center has-palette-color-1-color has-text-color has-link-color has-large-font-size wp-elements-2667da30a2388ce23f2a2cc072740acc\"><strong><a href=\"https:\/\/kalliope.antipode.net\/?page_id=270\" data-type=\"page\" data-id=\"270\">Art-Jeux<\/a><\/strong><\/p>\n\n\n\n<p class=\"has-text-align-center has-text-color has-link-color has-small-font-size wp-elements-15fba476a58db4c32264e7721beddd00\" style=\"color:#0a2d8c\">#artistique #coh\u00e9sion d&rsquo;\u00e9quipe #coordination #solidarit\u00e9 #d\u00e9tente #compl\u00e9mentarit\u00e9 <\/p>\n<\/div><\/div>\n<\/div>\n<\/div>\n<\/div>\n\n\n\n<div class=\"wp-block-buttons is-content-justification-center is-layout-flex wp-container-core-buttons-is-layout-4fe4e2e9 wp-block-buttons-is-layout-flex\" style=\"margin-top:var(--wp--preset--spacing--70);margin-bottom:var(--wp--preset--spacing--70)\">\n<div class=\"wp-block-button is-style-fill\"><a class=\"wp-block-button__link has-palette-color-6-color has-palette-color-2-background-color has-text-color has-background has-link-color has-medium-font-size has-custom-font-size wp-element-button\" href=\"https:\/\/kalliope.antipode.net\/?page_id=302\" style=\"border-style:none;border-width:0px;border-top-left-radius:100px;border-top-right-radius:100px;border-bottom-left-radius:100px;border-bottom-right-radius:100px;padding-top:var(--wp--preset--spacing--20);padding-right:var(--wp--preset--spacing--60);padding-bottom:var(--wp--preset--spacing--20);padding-left:var(--wp--preset--spacing--60)\">R\u00e9server un team building<\/a><\/div>\n<\/div>\n","protected":false},"excerpt":{"rendered":"<p>Vous cherchez \u00e0 renforcer la coh\u00e9sion de vos collaborateurs, c\u00e9l\u00e9brer une r\u00e9ussite ou simplement partager un moment hors du cadre habituel ? Nos team building sont con\u00e7us pour s\u2019adapter \u00e0 tous les profils et toutes les cultures d&rsquo;entreprise. Nos \u00e9v\u00e9nements s&rsquo;adaptent \u00e0 tous vos besoins, du petit groupe de 8 personnes jusqu&rsquo;aux rassemblements d&rsquo;une centaine [&hellip;]<\/p>\n","protected":false},"author":3,"featured_media":0,"parent":0,"menu_order":0,"comment_status":"closed","ping_status":"closed","template":"","meta":{"footnotes":""},"class_list":["post-60","page","type-page","status-publish","hentry"],"blocksy_meta":[],"_links":{"self":[{"href":"https:\/\/kalliope.antipode.net\/index.php?rest_route=\/wp\/v2\/pages\/60","targetHints":{"allow":["GET"]}}],"collection":[{"href":"https:\/\/kalliope.antipode.net\/index.php?rest_route=\/wp\/v2\/pages"}],"about":[{"href":"https:\/\/kalliope.antipode.net\/index.php?rest_route=\/wp\/v2\/types\/page"}],"author":[{"embeddable":true,"href":"https:\/\/kalliope.antipode.net\/index.php?rest_route=\/wp\/v2\/users\/3"}],"replies":[{"embeddable":true,"href":"https:\/\/kalliope.antipode.net\/index.php?rest_route=%2Fwp%2Fv2%2Fcomments&post=60"}],"version-history":[{"count":28,"href":"https:\/\/kalliope.antipode.net\/index.php?rest_route=\/wp\/v2\/pages\/60\/revisions"}],"predecessor-version":[{"id":472,"href":"https:\/\/kalliope.antipode.net\/index.php?rest_route=\/wp\/v2\/pages\/60\/revisions\/472"}],"wp:attachment":[{"href":"https:\/\/kalliope.antipode.net\/index.php?rest_route=%2Fwp%2Fv2%2Fmedia&parent=60"}],"curies":[{"name":"wp","href":"https:\/\/api.w.org\/{rel}","templated":true}]}}