{"id":302,"date":"2026-03-26T02:31:53","date_gmt":"2026-03-26T01:31:53","guid":{"rendered":"https:\/\/kalliope.antipode.net\/?page_id=302"},"modified":"2026-03-26T04:37:41","modified_gmt":"2026-03-26T03:37:41","slug":"reserver-un-team-building","status":"publish","type":"page","link":"https:\/\/kalliope.antipode.net\/?page_id=302","title":{"rendered":"R\u00e9server un team building"},"content":{"rendered":"\n<h2 class=\"wp-block-heading has-palette-color-2-color has-text-color has-link-color wp-elements-bdd46b0d0d5966d8e89e2dccbf9fff90\">R\u00e9servation et devis pour un team building<\/h2>\n\n\n\n<p>Veuillez compl\u00e9ter le <strong>formulaire<\/strong> ci-dessous, nous reviendrons vers vous dans les plus brefs d\u00e9lais avec un devis et des propositions.<\/p>\n","protected":false},"excerpt":{"rendered":"<p>R\u00e9servation et devis pour un team building Veuillez compl\u00e9ter le formulaire ci-dessous, nous reviendrons vers vous dans les plus brefs d\u00e9lais avec un devis et des propositions.<\/p>\n","protected":false},"author":3,"featured_media":0,"parent":0,"menu_order":0,"comment_status":"closed","ping_status":"closed","template":"","meta":{"footnotes":""},"class_list":["post-302","page","type-page","status-publish","hentry"],"blocksy_meta":[],"_links":{"self":[{"href":"https:\/\/kalliope.antipode.net\/index.php?rest_route=\/wp\/v2\/pages\/302","targetHints":{"allow":["GET"]}}],"collection":[{"href":"https:\/\/kalliope.antipode.net\/index.php?rest_route=\/wp\/v2\/pages"}],"about":[{"href":"https:\/\/kalliope.antipode.net\/index.php?rest_route=\/wp\/v2\/types\/page"}],"author":[{"embeddable":true,"href":"https:\/\/kalliope.antipode.net\/index.php?rest_route=\/wp\/v2\/users\/3"}],"replies":[{"embeddable":true,"href":"https:\/\/kalliope.antipode.net\/index.php?rest_route=%2Fwp%2Fv2%2Fcomments&post=302"}],"version-history":[{"count":3,"href":"https:\/\/kalliope.antipode.net\/index.php?rest_route=\/wp\/v2\/pages\/302\/revisions"}],"predecessor-version":[{"id":325,"href":"https:\/\/kalliope.antipode.net\/index.php?rest_route=\/wp\/v2\/pages\/302\/revisions\/325"}],"wp:attachment":[{"href":"https:\/\/kalliope.antipode.net\/index.php?rest_route=%2Fwp%2Fv2%2Fmedia&parent=302"}],"curies":[{"name":"wp","href":"https:\/\/api.w.org\/{rel}","templated":true}]}}