{"id":115,"date":"2026-03-24T15:26:40","date_gmt":"2026-03-24T14:26:40","guid":{"rendered":"https:\/\/kalliope.antipode.net\/?page_id=115"},"modified":"2026-04-24T15:41:11","modified_gmt":"2026-04-24T14:41:11","slug":"accueil","status":"publish","type":"page","link":"https:\/\/kalliope.antipode.net\/","title":{"rendered":"Accueil"},"content":{"rendered":"<div class=\"n2_clear\"><ss3-force-full-width data-overflow-x=\"body\" data-horizontal-selector=\"body\"><div class=\"n2-section-smartslider fitvidsignore  n2_clear\" data-ssid=\"2\"><div id=\"n2-ss-2-align\" class=\"n2-ss-align\"><div class=\"n2-padding\"><div id=\"n2-ss-2\" data-creator=\"Smart Slider 3\" data-responsive=\"fullwidth\" class=\"n2-ss-slider n2-ow n2-has-hover n2notransition  \"><div class=\"n2-ss-slider-wrapper-inside\">\n        <div class=\"n2-ss-slider-1 n2_ss__touch_element n2-ow\">\n            <div class=\"n2-ss-slider-2 n2-ow\">\n                                                <div class=\"n2-ss-slider-3 n2-ow\">\n\n                    <div class=\"n2-ss-slide-backgrounds n2-ow-all\"><div class=\"n2-ss-slide-background\" data-public-id=\"1\" data-mode=\"fill\"><div class=\"n2-ss-slide-background-image\" data-blur=\"0\" data-opacity=\"100\" data-x=\"48\" data-y=\"71\" data-alt=\"\" data-title=\"\" style=\"--ss-o-pos-x:48%;--ss-o-pos-y:71%\"><picture class=\"skip-lazy\" data-skip-lazy=\"1\"><img decoding=\"async\" src=\"\/\/kalliope.antipode.net\/wp-content\/uploads\/2026\/03\/b5096550-07f9-41c6-bc66-48e5563da5b22.png\" alt=\"\" title=\"\" loading=\"lazy\" class=\"skip-lazy\" data-skip-lazy=\"1\"><\/picture><\/div><div data-color=\"RGBA(255,255,255,0)\" style=\"background-color: RGBA(255,255,255,0);\" class=\"n2-ss-slide-background-color\" data-overlay=\"1\"><\/div><\/div><div class=\"n2-ss-slide-background\" data-public-id=\"2\" data-mode=\"fill\" aria-hidden=\"true\"><div class=\"n2-ss-slide-background-image\" data-blur=\"0\" data-opacity=\"100\" data-x=\"50\" data-y=\"50\" data-alt=\"\" data-title=\"\"><picture class=\"skip-lazy\" data-skip-lazy=\"1\"><img decoding=\"async\" src=\"\/\/kalliope.antipode.net\/wp-content\/uploads\/2026\/03\/4e368dbf-0a35-4961-be2a-6f92f376081a.jpg\" alt=\"\" title=\"\" loading=\"lazy\" class=\"skip-lazy\" data-skip-lazy=\"1\"><\/picture><\/div><div data-gradient=\"horizontal\" data-color-start=\"RGBA(255,255,255,0)\" data-color-end=\"RGBA(230,226,205,1)\" style=\"background:linear-gradient(to right, RGBA(255,255,255,0) 0%,RGBA(230,226,205,1) 100%);\" class=\"n2-ss-slide-background-color\" data-overlay=\"1\"><\/div><\/div><div class=\"n2-ss-slide-background\" data-public-id=\"3\" data-mode=\"fill\" aria-hidden=\"true\"><div class=\"n2-ss-slide-background-image\" data-blur=\"0\" data-opacity=\"100\" data-x=\"50\" data-y=\"50\" data-alt=\"\" data-title=\"\"><picture class=\"skip-lazy\" data-skip-lazy=\"1\"><img decoding=\"async\" src=\"\/\/kalliope.antipode.net\/wp-content\/uploads\/2026\/03\/927b4279-b935-48ce-8071-30d316fc21b51-1.png\" alt=\"\" title=\"\" loading=\"lazy\" class=\"skip-lazy\" data-skip-lazy=\"1\"><\/picture><\/div><div data-gradient=\"horizontal\" data-color-start=\"RGBA(255,255,255,0)\" data-color-end=\"RGBA(230,226,205,1)\" style=\"background:linear-gradient(to right, RGBA(255,255,255,0) 0%,RGBA(230,226,205,1) 100%);\" class=\"n2-ss-slide-background-color\" data-overlay=\"1\"><\/div><\/div><div class=\"n2-ss-slide-background\" data-public-id=\"4\" data-mode=\"fill\" aria-hidden=\"true\"><div class=\"n2-ss-slide-background-image\" data-blur=\"0\" data-opacity=\"100\" data-x=\"50\" data-y=\"50\" data-alt=\"\" data-title=\"\"><picture class=\"skip-lazy\" data-skip-lazy=\"1\"><img decoding=\"async\" src=\"\/\/kalliope.antipode.net\/wp-content\/uploads\/2026\/03\/1af6e583-008a-4079-a43f-706da9315a6c.jpg\" alt=\"\" title=\"\" loading=\"lazy\" class=\"skip-lazy\" data-skip-lazy=\"1\"><\/picture><\/div><div data-gradient=\"horizontal\" data-color-start=\"RGBA(255,255,255,0)\" data-color-end=\"RGBA(230,226,205,1)\" style=\"background:linear-gradient(to right, RGBA(255,255,255,0) 0%,RGBA(230,226,205,1) 100%);\" class=\"n2-ss-slide-background-color\" data-overlay=\"1\"><\/div><\/div><div class=\"n2-ss-slide-background\" data-public-id=\"5\" data-mode=\"fill\" aria-hidden=\"true\"><div class=\"n2-ss-slide-background-image\" data-blur=\"0\" data-opacity=\"100\" data-x=\"50\" data-y=\"50\" data-alt=\"\" data-title=\"\"><picture class=\"skip-lazy\" data-skip-lazy=\"1\"><img decoding=\"async\" src=\"\/\/kalliope.antipode.net\/wp-content\/uploads\/2026\/03\/54015885-2a65-45a7-98be-b8c8b59cec4b.png\" alt=\"\" title=\"\" loading=\"lazy\" class=\"skip-lazy\" data-skip-lazy=\"1\"><\/picture><\/div><div data-gradient=\"horizontal\" data-color-start=\"RGBA(255,255,255,0)\" data-color-end=\"RGBA(230,226,205,1)\" style=\"background:linear-gradient(to right, RGBA(255,255,255,0) 0%,RGBA(230,226,205,1) 100%);\" class=\"n2-ss-slide-background-color\" data-overlay=\"1\"><\/div><\/div><\/div>                    <div class=\"n2-ss-slider-4 n2-ow\">\n                        <svg xmlns=\"http:\/\/www.w3.org\/2000\/svg\" viewBox=\"0 0 1400 200\" data-related-device=\"desktopPortrait\" class=\"n2-ow n2-ss-preserve-size n2-ss-preserve-size--slider n2-ss-slide-limiter\"><\/svg><div data-first=\"1\" data-slide-duration=\"0.004\" data-id=\"4\" data-slide-public-id=\"1\" data-title=\"b5096550-07f9-41c6-bc66-48e5563da5b22\" class=\"n2-ss-slide n2-ow  n2-ss-slide-4\"><div role=\"note\" class=\"n2-ss-slide--focus\" tabindex=\"-1\">b5096550-07f9-41c6-bc66-48e5563da5b22<\/div><div class=\"n2-ss-layers-container n2-ss-slide-limiter n2-ow\"><div class=\"n2-ss-layer n2-ow n-uc-H4mOL0bn0VFX\" data-sstype=\"slide\" data-pm=\"default\"><div class=\"n2-ss-layer n2-ow n-uc-EfHU5OsnGdzO\" data-pm=\"default\" data-sstype=\"content\" data-hasbackground=\"0\"><div class=\"n2-ss-section-main-content n2-ss-layer-with-background n2-ss-layer-content n2-ow n-uc-EfHU5OsnGdzO-inner\"><div class=\"n2-ss-layer n2-ow n-uc-WVa4yciD8Y3x\" data-pm=\"normal\" data-sstype=\"layer\"><div class=\"n2-ss-item-content n2-ss-text n2-ow-all\"><div class=\"\"><\/div><\/div><\/div><div class=\"n2-ss-layer n2-ow n-uc-BUzFjRQm55D5 n2-ss-layer--auto\" data-pm=\"normal\" data-sstype=\"layer\"><div class=\"n2-ss-button-container n2-ss-item-content n2-ow n2-font-083d57be5e0473fd6062e62fc46176bd-link  n2-ss-nowrap n2-ss-button-container--non-full-width\"><a class=\"n2-style-0cb752630c3094902ad308be80836899-heading  n2-ow \" href=\"https:\/\/kalliope.antipode.net\/?page_id=302\"><div><div>R\u00e9server un team building<\/div><\/div><\/a><\/div><\/div><\/div><\/div><\/div><\/div><\/div><div data-slide-duration=\"0\" data-id=\"7\" data-slide-public-id=\"2\" aria-hidden=\"true\" data-title=\"b5096550-07f9-41c6-bc66-48e5563da5b22\" class=\"n2-ss-slide n2-ow  n2-ss-slide-7\"><div role=\"note\" class=\"n2-ss-slide--focus\" tabindex=\"-1\">b5096550-07f9-41c6-bc66-48e5563da5b22<\/div><div class=\"n2-ss-layers-container n2-ss-slide-limiter n2-ow\"><div class=\"n2-ss-layer n2-ow n-uc-IcWirF4FoG72\" data-sstype=\"slide\" data-pm=\"default\"><div class=\"n2-ss-layer n2-ow n-uc-UQGygHrU9x63\" data-pm=\"default\" data-sstype=\"content\" data-hasbackground=\"1\"><div class=\"n2-ss-section-main-content n2-ss-layer-with-background n2-ss-layer-content n2-ow n-uc-UQGygHrU9x63-inner\"><div class=\"n2-ss-layer n2-ow n-uc-DhNg0pflcHoA\" data-pm=\"normal\" data-sstype=\"layer\"><div id=\"n2-ss-2item3\" class=\"n2-font-4911a29a1b9a3fdc6816868ee314fc46-hover n2-style-d4035adfa79ada5f228d87142ef0c01f-heading   n2-ss-item-content n2-ss-text n2-ow\" style=\"display:block;\">Le team building ludique et intelligent <\/div><\/div><div class=\"n2-ss-layer n2-ow n-uc-Rq7n6z2n00op\" data-pm=\"normal\" data-sstype=\"layer\"><div class=\"n2-ss-item-content n2-ss-text n2-ow-all\"><div class=\"\"><p class=\"n2-font-70fac4fc00c0a9e8c636acb22e167eef-paragraph  n2-style-d4035adfa79ada5f228d87142ef0c01f-heading  \">Kalliop\u00e9 events s&rsquo;attache \u00e0 <b> d\u00e9velopper les diff\u00e9rentes formes de communication<\/b> qui existent entre membres d&rsquo;un m\u00eame groupe et ainsi <b>favoriser la compr\u00e9hension<\/b> gr\u00e2ce \u00e0 des animations originales et fouill\u00e9es dans lesquelles <b>l&rsquo;esprit ludique rencontre l&rsquo;esprit d&rsquo;entreprise<\/b>, le tout dans une ambiance conviviale.<\/p>\n<\/div><\/div><\/div><div class=\"n2-ss-layer n2-ow n-uc-GGEWzdzmGOHd n2-ss-layer--auto\" data-pm=\"normal\" data-sstype=\"layer\"><div class=\"n2-ss-button-container n2-ss-item-content n2-ow n2-font-083d57be5e0473fd6062e62fc46176bd-link  n2-ss-nowrap n2-ss-button-container--non-full-width\"><a class=\"n2-style-0cb752630c3094902ad308be80836899-heading  n2-ow \" href=\"https:\/\/kalliope.antipode.net\/?page_id=302\"><div><div>R\u00e9server un team building<\/div><\/div><\/a><\/div><\/div><\/div><\/div><\/div><\/div><\/div><div data-slide-duration=\"0\" data-id=\"8\" data-slide-public-id=\"3\" aria-hidden=\"true\" data-title=\"b5096550-07f9-41c6-bc66-48e5563da5b22\" class=\"n2-ss-slide n2-ow  n2-ss-slide-8\"><div role=\"note\" class=\"n2-ss-slide--focus\" tabindex=\"-1\">b5096550-07f9-41c6-bc66-48e5563da5b22<\/div><div class=\"n2-ss-layers-container n2-ss-slide-limiter n2-ow\"><div class=\"n2-ss-layer n2-ow n-uc-2KQuwf7OaolN\" data-sstype=\"slide\" data-pm=\"default\"><div class=\"n2-ss-layer n2-ow n-uc-vbCNKtDQEntH\" data-pm=\"default\" data-sstype=\"content\" data-hasbackground=\"1\"><div class=\"n2-ss-section-main-content n2-ss-layer-with-background n2-ss-layer-content n2-ow n-uc-vbCNKtDQEntH-inner\"><div class=\"n2-ss-layer n2-ow n-uc-y0Y6UBXoNCmD\" data-pm=\"normal\" data-sstype=\"layer\"><div id=\"n2-ss-2item6\" class=\"n2-font-4911a29a1b9a3fdc6816868ee314fc46-hover n2-style-d4035adfa79ada5f228d87142ef0c01f-heading   n2-ss-item-content n2-ss-text n2-ow\" style=\"display:block;\">Le team building ludique et intelligent <\/div><\/div><div class=\"n2-ss-layer n2-ow n-uc-mqr3THGQeDdG\" data-pm=\"normal\" data-sstype=\"layer\"><div class=\"n2-ss-item-content n2-ss-text n2-ow-all\"><div class=\"\"><p class=\"n2-font-70fac4fc00c0a9e8c636acb22e167eef-paragraph  n2-style-d4035adfa79ada5f228d87142ef0c01f-heading  \">Kalliop\u00e9 events s&rsquo;attache \u00e0 <b> d\u00e9velopper les diff\u00e9rentes formes de communication<\/b> qui existent entre membres d&rsquo;un m\u00eame groupe et ainsi <b>favoriser la compr\u00e9hension<\/b> gr\u00e2ce \u00e0 des animations originales et fouill\u00e9es dans lesquelles <b>l&rsquo;esprit ludique rencontre l&rsquo;esprit d&rsquo;entreprise<\/b>, le tout dans une ambiance conviviale.<\/p>\n<\/div><\/div><\/div><div class=\"n2-ss-layer n2-ow n-uc-38iF3YuXlcLg n2-ss-layer--auto\" data-pm=\"normal\" data-sstype=\"layer\"><div class=\"n2-ss-button-container n2-ss-item-content n2-ow n2-font-083d57be5e0473fd6062e62fc46176bd-link  n2-ss-nowrap n2-ss-button-container--non-full-width\"><a class=\"n2-style-0cb752630c3094902ad308be80836899-heading  n2-ow \" href=\"https:\/\/kalliope.antipode.net\/?page_id=302\"><div><div>R\u00e9server un team building<\/div><\/div><\/a><\/div><\/div><\/div><\/div><\/div><\/div><\/div><div data-slide-duration=\"0\" data-id=\"9\" data-slide-public-id=\"4\" aria-hidden=\"true\" data-title=\"b5096550-07f9-41c6-bc66-48e5563da5b22\" class=\"n2-ss-slide n2-ow  n2-ss-slide-9\"><div role=\"note\" class=\"n2-ss-slide--focus\" tabindex=\"-1\">b5096550-07f9-41c6-bc66-48e5563da5b22<\/div><div class=\"n2-ss-layers-container n2-ss-slide-limiter n2-ow\"><div class=\"n2-ss-layer n2-ow n-uc-lro7WwKQxk2Z\" data-sstype=\"slide\" data-pm=\"default\"><div class=\"n2-ss-layer n2-ow n-uc-Tto8d1FbKu7b\" data-pm=\"default\" data-sstype=\"content\" data-hasbackground=\"1\"><div class=\"n2-ss-section-main-content n2-ss-layer-with-background n2-ss-layer-content n2-ow n-uc-Tto8d1FbKu7b-inner\"><div class=\"n2-ss-layer n2-ow n-uc-FAuajxoYc1D9\" data-pm=\"normal\" data-sstype=\"layer\"><div id=\"n2-ss-2item9\" class=\"n2-font-4911a29a1b9a3fdc6816868ee314fc46-hover n2-style-d4035adfa79ada5f228d87142ef0c01f-heading   n2-ss-item-content n2-ss-text n2-ow\" style=\"display:block;\">Le team building ludique et intelligent <\/div><\/div><div class=\"n2-ss-layer n2-ow n-uc-ttbjKS51nttE\" data-pm=\"normal\" data-sstype=\"layer\"><div class=\"n2-ss-item-content n2-ss-text n2-ow-all\"><div class=\"\"><p class=\"n2-font-70fac4fc00c0a9e8c636acb22e167eef-paragraph  n2-style-d4035adfa79ada5f228d87142ef0c01f-heading  \">Kalliop\u00e9 events s&rsquo;attache \u00e0 <b> d\u00e9velopper les diff\u00e9rentes formes de communication<\/b> qui existent entre membres d&rsquo;un m\u00eame groupe et ainsi <b>favoriser la compr\u00e9hension<\/b> gr\u00e2ce \u00e0 des animations originales et fouill\u00e9es dans lesquelles <b>l&rsquo;esprit ludique rencontre l&rsquo;esprit d&rsquo;entreprise<\/b>, le tout dans une ambiance conviviale.<\/p>\n<\/div><\/div><\/div><div class=\"n2-ss-layer n2-ow n-uc-xViSOXHfoOtd n2-ss-layer--auto\" data-pm=\"normal\" data-sstype=\"layer\"><div class=\"n2-ss-button-container n2-ss-item-content n2-ow n2-font-083d57be5e0473fd6062e62fc46176bd-link  n2-ss-nowrap n2-ss-button-container--non-full-width\"><a class=\"n2-style-0cb752630c3094902ad308be80836899-heading  n2-ow \" href=\"https:\/\/kalliope.antipode.net\/?page_id=302\"><div><div>R\u00e9server un team building<\/div><\/div><\/a><\/div><\/div><\/div><\/div><\/div><\/div><\/div><div data-slide-duration=\"0\" data-id=\"10\" data-slide-public-id=\"5\" aria-hidden=\"true\" data-title=\"b5096550-07f9-41c6-bc66-48e5563da5b22\" class=\"n2-ss-slide n2-ow  n2-ss-slide-10\"><div role=\"note\" class=\"n2-ss-slide--focus\" tabindex=\"-1\">b5096550-07f9-41c6-bc66-48e5563da5b22<\/div><div class=\"n2-ss-layers-container n2-ss-slide-limiter n2-ow\"><div class=\"n2-ss-layer n2-ow n-uc-uZjTsG8mKJh6\" data-sstype=\"slide\" data-pm=\"default\"><div class=\"n2-ss-layer n2-ow n-uc-JIzcwgb0C4Ye\" data-pm=\"default\" data-sstype=\"content\" data-hasbackground=\"1\"><div class=\"n2-ss-section-main-content n2-ss-layer-with-background n2-ss-layer-content n2-ow n-uc-JIzcwgb0C4Ye-inner\"><div class=\"n2-ss-layer n2-ow n-uc-GPkjB2wuxOvM\" data-pm=\"normal\" data-sstype=\"layer\"><div id=\"n2-ss-2item12\" class=\"n2-font-4911a29a1b9a3fdc6816868ee314fc46-hover n2-style-d4035adfa79ada5f228d87142ef0c01f-heading   n2-ss-item-content n2-ss-text n2-ow\" style=\"display:block;\">Le team building ludique et intelligent <\/div><\/div><div class=\"n2-ss-layer n2-ow n-uc-dQwCYj3qHzPN\" data-pm=\"normal\" data-sstype=\"layer\"><div class=\"n2-ss-item-content n2-ss-text n2-ow-all\"><div class=\"\"><p class=\"n2-font-70fac4fc00c0a9e8c636acb22e167eef-paragraph  n2-style-d4035adfa79ada5f228d87142ef0c01f-heading  \">Kalliop\u00e9 events s&rsquo;attache \u00e0 <b> d\u00e9velopper les diff\u00e9rentes formes de communication<\/b> qui existent entre membres d&rsquo;un m\u00eame groupe et ainsi <b>favoriser la compr\u00e9hension<\/b> gr\u00e2ce \u00e0 des animations originales et fouill\u00e9es dans lesquelles <b>l&rsquo;esprit ludique rencontre l&rsquo;esprit d&rsquo;entreprise<\/b>, le tout dans une ambiance conviviale.<\/p>\n<\/div><\/div><\/div><div class=\"n2-ss-layer n2-ow n-uc-s98bMUeuFbp6 n2-ss-layer--auto\" data-pm=\"normal\" data-sstype=\"layer\"><div class=\"n2-ss-button-container n2-ss-item-content n2-ow n2-font-083d57be5e0473fd6062e62fc46176bd-link  n2-ss-nowrap n2-ss-button-container--non-full-width\"><a class=\"n2-style-0cb752630c3094902ad308be80836899-heading  n2-ow \" href=\"https:\/\/kalliope.antipode.net\/?page_id=302\"><div><div>R\u00e9server un team building<\/div><\/div><\/a><\/div><\/div><\/div><\/div><\/div><\/div><\/div>                    <\/div>\n\n                                    <\/div>\n            <\/div>\n        <\/div>\n        <div class=\"n2-ss-slider-controls n2-ss-slider-controls-absolute-left-center\"><div style=\"--widget-offset:15px;\" class=\"n2-ss-widget nextend-arrow n2-ow-all nextend-arrow-previous  nextend-arrow-animated-fade\" data-hide-mobileportrait=\"1\" id=\"n2-ss-2-arrow-previous\" role=\"button\" aria-label=\"previous arrow\" tabindex=\"0\"><img loading=\"lazy\" decoding=\"async\" width=\"32\" height=\"32\" class=\"skip-lazy\" data-skip-lazy=\"1\" src=\"data:image\/svg+xml;base64,PHN2ZyB3aWR0aD0iMzIiIGhlaWdodD0iMzIiIHZpZXdCb3g9IjAgMCAzMiAzMiIgeG1sbnM9Imh0dHA6Ly93d3cudzMub3JnLzIwMDAvc3ZnIj4KICAgIDxwYXRoIGQ9Ik0xMS40MzMgMTUuOTkyTDIyLjY5IDUuNzEyYy4zOTMtLjM5LjM5My0xLjAzIDAtMS40Mi0uMzkzLS4zOS0xLjAzLS4zOS0xLjQyMyAwbC0xMS45OCAxMC45NGMtLjIxLjIxLS4zLjQ5LS4yODUuNzYtLjAxNS4yOC4wNzUuNTYuMjg0Ljc3bDExLjk4IDEwLjk0Yy4zOTMuMzkgMS4wMy4zOSAxLjQyNCAwIC4zOTMtLjQuMzkzLTEuMDMgMC0xLjQybC0xMS4yNTctMTAuMjkiCiAgICAgICAgICBmaWxsPSIjZmZmZmZmIiBvcGFjaXR5PSIwLjgiIGZpbGwtcnVsZT0iZXZlbm9kZCIvPgo8L3N2Zz4=\" alt=\"previous arrow\"><\/div><\/div><div class=\"n2-ss-slider-controls n2-ss-slider-controls-absolute-right-center\"><div style=\"--widget-offset:15px;\" class=\"n2-ss-widget nextend-arrow n2-ow-all nextend-arrow-next  nextend-arrow-animated-fade\" data-hide-mobileportrait=\"1\" id=\"n2-ss-2-arrow-next\" role=\"button\" aria-label=\"next arrow\" tabindex=\"0\"><img loading=\"lazy\" decoding=\"async\" width=\"32\" height=\"32\" class=\"skip-lazy\" data-skip-lazy=\"1\" src=\"data:image\/svg+xml;base64,PHN2ZyB3aWR0aD0iMzIiIGhlaWdodD0iMzIiIHZpZXdCb3g9IjAgMCAzMiAzMiIgeG1sbnM9Imh0dHA6Ly93d3cudzMub3JnLzIwMDAvc3ZnIj4KICAgIDxwYXRoIGQ9Ik0xMC43MjIgNC4yOTNjLS4zOTQtLjM5LTEuMDMyLS4zOS0xLjQyNyAwLS4zOTMuMzktLjM5MyAxLjAzIDAgMS40MmwxMS4yODMgMTAuMjgtMTEuMjgzIDEwLjI5Yy0uMzkzLjM5LS4zOTMgMS4wMiAwIDEuNDIuMzk1LjM5IDEuMDMzLjM5IDEuNDI3IDBsMTIuMDA3LTEwLjk0Yy4yMS0uMjEuMy0uNDkuMjg0LS43Ny4wMTQtLjI3LS4wNzYtLjU1LS4yODYtLjc2TDEwLjcyIDQuMjkzeiIKICAgICAgICAgIGZpbGw9IiNmZmZmZmYiIG9wYWNpdHk9IjAuOCIgZmlsbC1ydWxlPSJldmVub2RkIi8+Cjwvc3ZnPg==\" alt=\"next arrow\"><\/div><\/div><\/div><\/div><ss3-loader><\/ss3-loader><\/div><\/div><div class=\"n2_clear\"><\/div><\/div><\/ss3-force-full-width><\/div>\n\n\n<p>Kalliop\u00e9 events s&rsquo;attache \u00e0 <strong>d\u00e9velopper les diff\u00e9rentes formes de communication<\/strong> qui existent entre membres d&rsquo;un m\u00eame groupe et ainsi <strong>favoriser la compr\u00e9hension<\/strong> gr\u00e2ce \u00e0 des animations originales et fouill\u00e9es dans lesquelles <strong>l&rsquo;esprit ludique rencontre l&rsquo;esprit d&rsquo;entreprise<\/strong>, le tout dans une ambiance conviviale.<\/p>\n","protected":false},"excerpt":{"rendered":"<p>Kalliop\u00e9 events s&rsquo;attache \u00e0 d\u00e9velopper les diff\u00e9rentes formes de communication qui existent entre membres d&rsquo;un m\u00eame groupe et ainsi favoriser la compr\u00e9hension gr\u00e2ce \u00e0 des animations originales et fouill\u00e9es dans lesquelles l&rsquo;esprit ludique rencontre l&rsquo;esprit d&rsquo;entreprise, le tout dans une ambiance conviviale.<\/p>\n","protected":false},"author":3,"featured_media":0,"parent":0,"menu_order":0,"comment_status":"closed","ping_status":"closed","template":"","meta":{"footnotes":""},"class_list":["post-115","page","type-page","status-publish","hentry"],"blocksy_meta":[],"_links":{"self":[{"href":"https:\/\/kalliope.antipode.net\/index.php?rest_route=\/wp\/v2\/pages\/115","targetHints":{"allow":["GET"]}}],"collection":[{"href":"https:\/\/kalliope.antipode.net\/index.php?rest_route=\/wp\/v2\/pages"}],"about":[{"href":"https:\/\/kalliope.antipode.net\/index.php?rest_route=\/wp\/v2\/types\/page"}],"author":[{"embeddable":true,"href":"https:\/\/kalliope.antipode.net\/index.php?rest_route=\/wp\/v2\/users\/3"}],"replies":[{"embeddable":true,"href":"https:\/\/kalliope.antipode.net\/index.php?rest_route=%2Fwp%2Fv2%2Fcomments&post=115"}],"version-history":[{"count":7,"href":"https:\/\/kalliope.antipode.net\/index.php?rest_route=\/wp\/v2\/pages\/115\/revisions"}],"predecessor-version":[{"id":474,"href":"https:\/\/kalliope.antipode.net\/index.php?rest_route=\/wp\/v2\/pages\/115\/revisions\/474"}],"wp:attachment":[{"href":"https:\/\/kalliope.antipode.net\/index.php?rest_route=%2Fwp%2Fv2%2Fmedia&parent=115"}],"curies":[{"name":"wp","href":"https:\/\/api.w.org\/{rel}","templated":true}]}}