{"id":112,"date":"2026-03-24T15:24:26","date_gmt":"2026-03-24T14:24:26","guid":{"rendered":"https:\/\/kalliope.antipode.net\/?page_id=112"},"modified":"2026-03-26T10:29:45","modified_gmt":"2026-03-26T09:29:45","slug":"infos-pratiques","status":"publish","type":"page","link":"https:\/\/kalliope.antipode.net\/?page_id=112","title":{"rendered":"Infos Pratiques"},"content":{"rendered":"\n<div class=\"wp-block-buttons alignwide is-content-justification-center is-layout-flex wp-container-core-buttons-is-layout-a89b3969 wp-block-buttons-is-layout-flex\">\n<div class=\"wp-block-button is-style-fill\"><a class=\"wp-block-button__link has-palette-color-6-color has-palette-color-2-background-color has-text-color has-background has-link-color has-medium-font-size has-custom-font-size wp-element-button\" href=\"https:\/\/kalliope.antipode.net\/?page_id=302\" style=\"border-style:none;border-width:0px;border-top-left-radius:100px;border-top-right-radius:100px;border-bottom-left-radius:100px;border-bottom-right-radius:100px;padding-top:var(--wp--preset--spacing--20);padding-right:var(--wp--preset--spacing--60);padding-bottom:var(--wp--preset--spacing--20);padding-left:var(--wp--preset--spacing--60)\">R\u00e9server un team building<\/a><\/div>\n<\/div>\n\n\n\n<h4 class=\"wp-block-heading has-large-font-size\" id=\"contact\"><mark style=\"background-color:rgba(0, 0, 0, 0)\" class=\"has-inline-color has-palette-color-2-color\">Contact<\/mark><\/h4>\n\n\n\n<p>\u2709 <strong>Mail <\/strong><br>\u2022 events.kalliope@gmail.com (FR, NL, EN)<br><br>\u260e <strong>T\u00e9l\u00e9phone <\/strong><br>\u2022 D\u00e9tails r\u00e9servation : +34 499 14 62 27 (FR, EN)<br>\u2022 D\u00e9tails activit\u00e9s : +32 497 97 57 01 (FR)<\/p>\n\n\n\n<h2 class=\"wp-block-heading has-large-font-size\" id=\"lieux\"><mark style=\"background-color:rgba(0, 0, 0, 0)\" class=\"has-inline-color has-palette-color-2-color\">Lieux d&rsquo;activit\u00e9<\/mark><\/h2>\n\n\n\n<ol style=\"padding-left:15px\" class=\"wp-block-list\">\n<li style=\"border-top-left-radius:0px;border-top-right-radius:0px;border-bottom-left-radius:0px;border-bottom-right-radius:0px;padding-top:0;padding-right:0;padding-bottom:0;padding-left:0\">Au <a href=\"https:\/\/be-here.be\/\" data-type=\"link\" data-id=\"https:\/\/be-here.be\/\"><strong>Be-Here<\/strong><\/a><br><em>Le Be-Here est un espace de halles couvertes que nous avons la possibilit\u00e9 de louer pour nos \u00e9v\u00e8nements<\/em>. <em>Il est possible d&rsquo;organiser une location de salle de r\u00e9union et\/ou un catering si d\u00e9sir\u00e9 dans le cadre d&rsquo;un team building.<\/em><br><strong>Adresse <\/strong><br>Rue Dieudonn\u00e9 Lef\u00e8vre, 4<br>1020 Laeken Bruxelles<br><strong>Acc\u00e8s <\/strong><br>M\u00e9tro : arr\u00eat Pannenhuis, ligne 6<br>Bus : arr\u00eat Andree de Jongh, lignes 46, 86, 88, R30, R31, R40, R41, R45,R50, R60<br>Parking int\u00e9rieur gratuit<br>Adapt\u00e9 PMR<br><br><\/li>\n\n\n\n<li>Nous nous d\u00e9pla\u00e7ons \u00e9galement dans le lieu de votre choix en Belgique<br><\/li>\n<\/ol>\n\n\n\n<h2 class=\"wp-block-heading has-large-font-size\"><mark style=\"background-color:rgba(0, 0, 0, 0)\" class=\"has-inline-color has-palette-color-2-color\">Partenaires<\/mark><\/h2>\n\n\n\n<div class=\"wp-block-columns is-layout-flex wp-container-core-columns-is-layout-28f84493 wp-block-columns-is-layout-flex\">\n<div class=\"wp-block-column is-layout-flow wp-block-column-is-layout-flow\">\n<figure class=\"wp-block-image aligncenter size-full\"><a href=\"https:\/\/be-here.be\/\"><img loading=\"lazy\" decoding=\"async\" width=\"250\" height=\"100\" src=\"https:\/\/kalliope.antipode.net\/wp-content\/uploads\/2026\/03\/be-here-logo-ok-1.png\" alt=\"\" class=\"wp-image-196\"\/><\/a><\/figure>\n<\/div>\n\n\n\n<div class=\"wp-block-column is-layout-flow wp-block-column-is-layout-flow\">\n<figure class=\"wp-block-image aligncenter size-full is-resized\"><a href=\"https:\/\/tissuaerien.com\/\"><img loading=\"lazy\" decoding=\"async\" width=\"250\" height=\"120\" src=\"https:\/\/kalliope.antipode.net\/wp-content\/uploads\/2026\/03\/doc12_IMAGE_LOGO_ASSO-e1774459228202.jpg\" alt=\"\" class=\"wp-image-197\" style=\"width:207px;height:auto\"\/><\/a><\/figure>\n<\/div>\n\n\n\n<div class=\"wp-block-column is-layout-flow wp-block-column-is-layout-flow\">\n<figure class=\"wp-block-image aligncenter size-full is-resized\"><a href=\"https:\/\/www.arbaletriers-saintgeorges.be\/\"><img loading=\"lazy\" decoding=\"async\" width=\"780\" height=\"826\" src=\"https:\/\/kalliope.antipode.net\/wp-content\/uploads\/2026\/03\/logo-serment-1.png\" alt=\"\" class=\"wp-image-200\" style=\"aspect-ratio:0.9443436568614747;width:112px;height:auto\" srcset=\"https:\/\/kalliope.antipode.net\/wp-content\/uploads\/2026\/03\/logo-serment-1.png 780w, https:\/\/kalliope.antipode.net\/wp-content\/uploads\/2026\/03\/logo-serment-1-283x300.png 283w, https:\/\/kalliope.antipode.net\/wp-content\/uploads\/2026\/03\/logo-serment-1-768x813.png 768w\" sizes=\"auto, (max-width: 780px) 100vw, 780px\" \/><\/a><\/figure>\n<\/div>\n<\/div>\n","protected":false},"excerpt":{"rendered":"<p>Contact \u2709 Mail \u2022 events.kalliope@gmail.com (FR, NL, EN) \u260e T\u00e9l\u00e9phone \u2022 D\u00e9tails r\u00e9servation : +34 499 14 62 27 (FR, EN)\u2022 D\u00e9tails activit\u00e9s : +32 497 97 57 01 (FR) Lieux d&rsquo;activit\u00e9 Partenaires<\/p>\n","protected":false},"author":3,"featured_media":0,"parent":0,"menu_order":0,"comment_status":"closed","ping_status":"closed","template":"","meta":{"footnotes":""},"class_list":["post-112","page","type-page","status-publish","hentry"],"blocksy_meta":[],"_links":{"self":[{"href":"https:\/\/kalliope.antipode.net\/index.php?rest_route=\/wp\/v2\/pages\/112","targetHints":{"allow":["GET"]}}],"collection":[{"href":"https:\/\/kalliope.antipode.net\/index.php?rest_route=\/wp\/v2\/pages"}],"about":[{"href":"https:\/\/kalliope.antipode.net\/index.php?rest_route=\/wp\/v2\/types\/page"}],"author":[{"embeddable":true,"href":"https:\/\/kalliope.antipode.net\/index.php?rest_route=\/wp\/v2\/users\/3"}],"replies":[{"embeddable":true,"href":"https:\/\/kalliope.antipode.net\/index.php?rest_route=%2Fwp%2Fv2%2Fcomments&post=112"}],"version-history":[{"count":34,"href":"https:\/\/kalliope.antipode.net\/index.php?rest_route=\/wp\/v2\/pages\/112\/revisions"}],"predecessor-version":[{"id":392,"href":"https:\/\/kalliope.antipode.net\/index.php?rest_route=\/wp\/v2\/pages\/112\/revisions\/392"}],"wp:attachment":[{"href":"https:\/\/kalliope.antipode.net\/index.php?rest_route=%2Fwp%2Fv2%2Fmedia&parent=112"}],"curies":[{"name":"wp","href":"https:\/\/api.w.org\/{rel}","templated":true}]}}