{"id":110,"date":"2026-03-24T15:23:53","date_gmt":"2026-03-24T14:23:53","guid":{"rendered":"https:\/\/kalliope.antipode.net\/?page_id=110"},"modified":"2026-03-26T05:09:24","modified_gmt":"2026-03-26T04:09:24","slug":"qui-sommes-nous","status":"publish","type":"page","link":"https:\/\/kalliope.antipode.net\/?page_id=110","title":{"rendered":"Qui Sommes Nous ?"},"content":{"rendered":"\n<h2 class=\"wp-block-heading has-palette-color-2-color has-text-color has-link-color wp-elements-5907b3842a52a6a3c63d795af43e05ed\">Qu&rsquo;est-ce que Kalliop\u00e9 events et qui se cache derri\u00e8re ?<\/h2>\n\n\n\n<p><\/p>\n\n\n\n<div class=\"wp-block-columns is-layout-flex wp-container-core-columns-is-layout-28f84493 wp-block-columns-is-layout-flex\">\n<div class=\"wp-block-column is-layout-flow wp-block-column-is-layout-flow\" style=\"flex-basis:66.66%\">\n<h4 class=\"wp-block-heading\">L&rsquo;exp\u00e9rience au service de l&rsquo;\u00e9motion<\/h4>\n\n\n\n<p>Depuis <strong>2013<\/strong>, l&rsquo;esprit de <strong>Kalliop\u00e9<\/strong> <strong>events <\/strong>souffle sur le monde de l&rsquo;\u00e9v\u00e9nementiel. Si la structure a longtemps \u0153uvr\u00e9 dans l&rsquo;ombre, mettant son expertise au service de grandes enseignes et d&rsquo;entreprises renomm\u00e9es, elle prend aujourd&rsquo;hui son envol en son nom propre. Ce passage sur le devant de la sc\u00e8ne est l&rsquo;aboutissement d&rsquo;un savoir-faire forg\u00e9 par des ann\u00e9es de r\u00e9alisations concr\u00e8tes.<\/p>\n<\/div>\n\n\n\n<div class=\"wp-block-column is-layout-flow wp-block-column-is-layout-flow\" style=\"flex-basis:33.33%\"><\/div>\n<\/div>\n\n\n\n<h4 class=\"wp-block-heading\"><strong>Qu\u2019est-ce que Kalliop\u00e9 events ?<\/strong><\/h4>\n\n\n\n<p>Kalliop\u00e9 events organise des <strong>activit\u00e9s de team building<\/strong> destin\u00e9es \u00e0 <strong>favoriser la coh\u00e9sion et l&rsquo;esprit d&rsquo;\u00e9quipe<\/strong>.<br>Les activit\u00e9s que nous proposons sont principalement ax\u00e9es sur<strong> cinq p\u00f4les<\/strong> :<\/p>\n\n\n\n<ol start=\"1\" class=\"wp-block-list\">\n<li>Mettre en valeur les capacit\u00e9s d&rsquo;adaptation que toute personne poss\u00e8de en elle.<\/li>\n\n\n\n<li>Susciter l&rsquo;interaction entre les participants afin de cr\u00e9er ou de renforcer l\u2019esprit d&rsquo;\u00e9quipe<\/li>\n\n\n\n<li>Faciliter la connaissance de soi et celle des autres.<\/li>\n\n\n\n<li>Am\u00e9liorer l\u2019organisation et l\u2019efficacit\u00e9 des \u00e9quipes.<\/li>\n\n\n\n<li>D\u00e9montrer que le tout est plus que la somme des parties.<\/li>\n<\/ol>\n\n\n\n<p>Dans cette optique, Kalliop\u00e9 events s&rsquo;attache plus particuli\u00e8rement \u00e0 <strong>d\u00e9velopper les diff\u00e9rentes formes de communication <\/strong>qui existent entre membres d&rsquo;un m\u00eame groupe et ainsi <strong>favoriser la compr\u00e9hension entre ceux-ci<\/strong>.<br>Kalliop\u00e9 events a donc imagin\u00e9 des animations originales et fouill\u00e9es dans lesquelles<strong> l&rsquo;esprit ludique rencontre l&rsquo;esprit d&rsquo;entreprise<\/strong>, le tout dans une<strong> ambiance conviviale<\/strong>.<\/p>\n\n\n\n<p><\/p>\n\n\n\n<p><\/p>\n\n\n\n<div class=\"wp-block-columns is-layout-flex wp-container-core-columns-is-layout-28f84493 wp-block-columns-is-layout-flex\">\n<div class=\"wp-block-column is-layout-flow wp-block-column-is-layout-flow\" style=\"flex-basis:33.33%\">\n<figure class=\"wp-block-image aligncenter size-large is-resized\"><img loading=\"lazy\" decoding=\"async\" width=\"819\" height=\"1024\" src=\"https:\/\/kalliope.antipode.net\/wp-content\/uploads\/2026\/03\/8258c9a6-8683-4490-9376-2715bec26659-819x1024.png\" alt=\"\" class=\"wp-image-327\" style=\"aspect-ratio:0.7998333680483233;width:322px;height:auto\" srcset=\"https:\/\/kalliope.antipode.net\/wp-content\/uploads\/2026\/03\/8258c9a6-8683-4490-9376-2715bec26659-819x1024.png 819w, https:\/\/kalliope.antipode.net\/wp-content\/uploads\/2026\/03\/8258c9a6-8683-4490-9376-2715bec26659-240x300.png 240w, https:\/\/kalliope.antipode.net\/wp-content\/uploads\/2026\/03\/8258c9a6-8683-4490-9376-2715bec26659-768x960.png 768w, https:\/\/kalliope.antipode.net\/wp-content\/uploads\/2026\/03\/8258c9a6-8683-4490-9376-2715bec26659.png 1152w\" sizes=\"auto, (max-width: 819px) 100vw, 819px\" \/><\/figure>\n<\/div>\n\n\n\n<div class=\"wp-block-column is-layout-flow wp-block-column-is-layout-flow\" style=\"flex-basis:66.66%\">\n<h4 class=\"wp-block-heading\">Le cr\u00e9ateur : Jean-Michel Gigot<\/h4>\n\n\n\n<p>Derri\u00e8re Kalliop\u00e9 events, on retrouve le regard passionn\u00e9 de <strong>Jean-Michel Gigot<\/strong>. Avec plus de <strong>20 ans d&rsquo;exp\u00e9rience<\/strong> dans la cr\u00e9ation d&rsquo;animations, d&rsquo;\u00e9v\u00e9nements sur mesure et de teambuildings originaux, Jean-Michel n&rsquo;est pas qu&rsquo;un simple organisateur.<\/p>\n\n\n\n<p>Il se d\u00e9finit lui-m\u00eame comme un <strong>\u00ab animacteur \u00bb<\/strong>. Ce terme, qui lui est cher, illustre parfaitement sa double facette : la rigueur de l&rsquo;animation technique alli\u00e9e \u00e0 la pr\u00e9sence d&rsquo;un acteur capable de donner vie \u00e0 chaque instant, de transformer un simple \u00e9v\u00e9nement en une exp\u00e9rience immersive et m\u00e9morable.<\/p>\n<\/div>\n<\/div>\n\n\n\n<div class=\"wp-block-columns is-layout-flex wp-container-core-columns-is-layout-28f84493 wp-block-columns-is-layout-flex\">\n<div class=\"wp-block-column is-layout-flow wp-block-column-is-layout-flow\" style=\"flex-basis:66.66%\">\n<p><\/p>\n\n\n\n<h4 class=\"wp-block-heading\">Une \u00e9quipe qui s&rsquo;agrandit<\/h4>\n\n\n\n<p>Parce que chaque projet m\u00e9rite une attention de chaque instant, <strong>Julie Marti<\/strong> a r\u00e9cemment rejoint l&rsquo;aventure. Son r\u00f4le est essentiel pour soutenir le d\u00e9veloppement de Kalliop\u00e9 events : elle assure la partie <strong>m\u00e9diation<\/strong>, la gestion de vos <strong>demandes par mail<\/strong> et l&rsquo;animation de nos <strong>r\u00e9seaux sociaux<\/strong>. <\/p>\n\n\n\n<p>Gr\u00e2ce \u00e0 elle, Kalliop\u00e9 events renforce sa proximit\u00e9 avec vous, garantissant une r\u00e9activit\u00e9 et un suivi \u00e0 la hauteur de vos ambitions.<\/p>\n<\/div>\n\n\n\n<div class=\"wp-block-column is-layout-flow wp-block-column-is-layout-flow\" style=\"flex-basis:33.33%\">\n<figure class=\"wp-block-image aligncenter size-large is-resized\"><img loading=\"lazy\" decoding=\"async\" width=\"768\" height=\"1024\" src=\"https:\/\/kalliope.antipode.net\/wp-content\/uploads\/2026\/03\/95645f63-c084-4db4-97cb-911ee2b5e227-768x1024.png\" alt=\"\" class=\"wp-image-328\" style=\"aspect-ratio:0.7500184679027849;width:323px;height:auto\" srcset=\"https:\/\/kalliope.antipode.net\/wp-content\/uploads\/2026\/03\/95645f63-c084-4db4-97cb-911ee2b5e227-768x1024.png 768w, https:\/\/kalliope.antipode.net\/wp-content\/uploads\/2026\/03\/95645f63-c084-4db4-97cb-911ee2b5e227-225x300.png 225w, https:\/\/kalliope.antipode.net\/wp-content\/uploads\/2026\/03\/95645f63-c084-4db4-97cb-911ee2b5e227.png 1079w\" sizes=\"auto, (max-width: 768px) 100vw, 768px\" \/><\/figure>\n<\/div>\n<\/div>\n\n\n\n<p><\/p>\n","protected":false},"excerpt":{"rendered":"<p>Qu&rsquo;est-ce que Kalliop\u00e9 events et qui se cache derri\u00e8re ? L&rsquo;exp\u00e9rience au service de l&rsquo;\u00e9motion Depuis 2013, l&rsquo;esprit de Kalliop\u00e9 events souffle sur le monde de l&rsquo;\u00e9v\u00e9nementiel. Si la structure a longtemps \u0153uvr\u00e9 dans l&rsquo;ombre, mettant son expertise au service de grandes enseignes et d&rsquo;entreprises renomm\u00e9es, elle prend aujourd&rsquo;hui son envol en son nom propre. [&hellip;]<\/p>\n","protected":false},"author":3,"featured_media":0,"parent":0,"menu_order":0,"comment_status":"closed","ping_status":"closed","template":"","meta":{"footnotes":""},"class_list":["post-110","page","type-page","status-publish","hentry"],"blocksy_meta":[],"_links":{"self":[{"href":"https:\/\/kalliope.antipode.net\/index.php?rest_route=\/wp\/v2\/pages\/110","targetHints":{"allow":["GET"]}}],"collection":[{"href":"https:\/\/kalliope.antipode.net\/index.php?rest_route=\/wp\/v2\/pages"}],"about":[{"href":"https:\/\/kalliope.antipode.net\/index.php?rest_route=\/wp\/v2\/types\/page"}],"author":[{"embeddable":true,"href":"https:\/\/kalliope.antipode.net\/index.php?rest_route=\/wp\/v2\/users\/3"}],"replies":[{"embeddable":true,"href":"https:\/\/kalliope.antipode.net\/index.php?rest_route=%2Fwp%2Fv2%2Fcomments&post=110"}],"version-history":[{"count":16,"href":"https:\/\/kalliope.antipode.net\/index.php?rest_route=\/wp\/v2\/pages\/110\/revisions"}],"predecessor-version":[{"id":345,"href":"https:\/\/kalliope.antipode.net\/index.php?rest_route=\/wp\/v2\/pages\/110\/revisions\/345"}],"wp:attachment":[{"href":"https:\/\/kalliope.antipode.net\/index.php?rest_route=%2Fwp%2Fv2%2Fmedia&parent=110"}],"curies":[{"name":"wp","href":"https:\/\/api.w.org\/{rel}","templated":true}]}}